{"id":596,"date":"2015-02-18T14:44:04","date_gmt":"2015-02-18T17:44:04","guid":{"rendered":"http:\/\/refriweb.com.br\/sobre-2\/"},"modified":"2015-06-15T17:18:00","modified_gmt":"2015-06-15T17:18:00","slug":"nosotros","status":"publish","type":"page","link":"https:\/\/refriweb.com.br\/es\/nosotros\/","title":{"rendered":"Nosotros"},"content":{"rendered":"<p>Constituida con el objetivo de atender a los deseos del mercado interno por tecnolog\u00eda y automatizaci\u00f3n en toda la l\u00ednea HVAC -Calentamiento, Ventilaci\u00f3n y Aire Acondicionado-, Refriweb ofrece los mejores y m\u00e1s innovadores productos, buscando siempre la mejor relaci\u00f3n costo beneficio.<\/p>\n<p>El portafolio est\u00e1 volcado para m\u00e1quinas perfiladora, dobladora, corte, soldadura, estampado y toda l\u00ednea de calderer\u00eda para fabricaci\u00f3n de conductos y accesorios.<\/p>\n<p>Las m\u00e1quinas Refriweb proporcionan a los clientes y colaboradores una producci\u00f3n en escala, estandarizada y requieren el m\u00ednimo de interferencia humana en cada proceso. De esa forma, garantizan el producto final piezas estanques, con excelente terminado, estabilidad y precisi\u00f3n y benefician el cliente con econom\u00eda de tiempo y mano de obra.<\/p>\n<p>Todos los equipos con los cuales trabajamos tienen excelente resistencia al desgaste. Se fabrican con materiales de alta calidad, probados, aprobados y comercializados en diversos pa\u00edses. La calidad y la confiabilidad de los equipos est\u00e1n garantizadas.<\/p>\n","protected":false},"excerpt":{"rendered":"<p>Constituida con el objetivo de atender a los deseos del mercado interno por tecnolog\u00eda y automatizaci\u00f3n en toda la l\u00ednea HVAC -Calentamiento, Ventilaci\u00f3n y Aire Acondicionado-, Refriweb ofrece los mejores y m\u00e1s innovadores productos, buscando siempre la mejor relaci\u00f3n costo beneficio. El portafolio est\u00e1 volcado para m\u00e1quinas perfiladora, dobladora, corte, soldadura, estampado y toda l\u00ednea [&hellip;]<\/p>\n","protected":false},"author":1,"featured_media":0,"parent":0,"menu_order":0,"comment_status":"open","ping_status":"open","template":"sobre.php","meta":{"_acf_changed":false,"footnotes":""},"class_list":["post-596","page","type-page","status-publish","hentry"],"acf":[],"yoast_head":"<!-- This site is optimized with the Yoast SEO plugin v23.1 - https:\/\/yoast.com\/wordpress\/plugins\/seo\/ -->\n<title>Nosotros Refriweb<\/title>\n<meta name=\"description\" content=\"ACERCA DE REFRIWEB, NOSOTROS\" \/>\n<meta name=\"robots\" content=\"index, follow, max-snippet:-1, max-image-preview:large, max-video-preview:-1\" \/>\n<link rel=\"canonical\" href=\"https:\/\/refriweb.com.br\/es\/nosotros\/\" \/>\n<meta property=\"og:locale\" content=\"es_ES\" \/>\n<meta property=\"og:type\" content=\"article\" \/>\n<meta property=\"og:title\" content=\"Nosotros Refriweb\" \/>\n<meta property=\"og:description\" content=\"ACERCA DE REFRIWEB, NOSOTROS\" \/>\n<meta property=\"og:url\" content=\"https:\/\/refriweb.com.br\/es\/nosotros\/\" \/>\n<meta property=\"og:site_name\" content=\"Refriweb\" \/>\n<meta property=\"article:modified_time\" content=\"2015-06-15T17:18:00+00:00\" \/>\n<meta name=\"twitter:label1\" content=\"Est. reading time\" \/>\n\t<meta name=\"twitter:data1\" content=\"1 minute\" \/>\n<script type=\"application\/ld+json\" class=\"yoast-schema-graph\">{\"@context\":\"https:\/\/schema.org\",\"@graph\":[{\"@type\":\"WebPage\",\"@id\":\"https:\/\/refriweb.com.br\/es\/nosotros\/\",\"url\":\"https:\/\/refriweb.com.br\/es\/nosotros\/\",\"name\":\"Nosotros Refriweb\",\"isPartOf\":{\"@id\":\"https:\/\/refriweb.com.br\/#website\"},\"datePublished\":\"2015-02-18T17:44:04+00:00\",\"dateModified\":\"2015-06-15T17:18:00+00:00\",\"description\":\"ACERCA DE REFRIWEB, NOSOTROS\",\"breadcrumb\":{\"@id\":\"https:\/\/refriweb.com.br\/es\/nosotros\/#breadcrumb\"},\"inLanguage\":\"es-ES\",\"potentialAction\":[{\"@type\":\"ReadAction\",\"target\":[\"https:\/\/refriweb.com.br\/es\/nosotros\/\"]}]},{\"@type\":\"BreadcrumbList\",\"@id\":\"https:\/\/refriweb.com.br\/es\/nosotros\/#breadcrumb\",\"itemListElement\":[{\"@type\":\"ListItem\",\"position\":1,\"name\":\"In\u00edcio\",\"item\":\"https:\/\/refriweb.com.br\/\"},{\"@type\":\"ListItem\",\"position\":2,\"name\":\"Nosotros\"}]},{\"@type\":\"WebSite\",\"@id\":\"https:\/\/refriweb.com.br\/#website\",\"url\":\"https:\/\/refriweb.com.br\/\",\"name\":\"Refriweb\",\"description\":\"M\u00e1quinas para fabricaci\u00f3n de conductos y accesorios\",\"potentialAction\":[{\"@type\":\"SearchAction\",\"target\":{\"@type\":\"EntryPoint\",\"urlTemplate\":\"https:\/\/refriweb.com.br\/?s={search_term_string}\"},\"query-input\":\"required name=search_term_string\"}],\"inLanguage\":\"es-ES\"}]}<\/script>\n<!-- \/ Yoast SEO plugin. -->","yoast_head_json":{"title":"Nosotros Refriweb","description":"ACERCA DE REFRIWEB, NOSOTROS","robots":{"index":"index","follow":"follow","max-snippet":"max-snippet:-1","max-image-preview":"max-image-preview:large","max-video-preview":"max-video-preview:-1"},"canonical":"https:\/\/refriweb.com.br\/es\/nosotros\/","og_locale":"es_ES","og_type":"article","og_title":"Nosotros Refriweb","og_description":"ACERCA DE REFRIWEB, NOSOTROS","og_url":"https:\/\/refriweb.com.br\/es\/nosotros\/","og_site_name":"Refriweb","article_modified_time":"2015-06-15T17:18:00+00:00","twitter_misc":{"Est. reading time":"1 minute"},"schema":{"@context":"https:\/\/schema.org","@graph":[{"@type":"WebPage","@id":"https:\/\/refriweb.com.br\/es\/nosotros\/","url":"https:\/\/refriweb.com.br\/es\/nosotros\/","name":"Nosotros Refriweb","isPartOf":{"@id":"https:\/\/refriweb.com.br\/#website"},"datePublished":"2015-02-18T17:44:04+00:00","dateModified":"2015-06-15T17:18:00+00:00","description":"ACERCA DE REFRIWEB, NOSOTROS","breadcrumb":{"@id":"https:\/\/refriweb.com.br\/es\/nosotros\/#breadcrumb"},"inLanguage":"es-ES","potentialAction":[{"@type":"ReadAction","target":["https:\/\/refriweb.com.br\/es\/nosotros\/"]}]},{"@type":"BreadcrumbList","@id":"https:\/\/refriweb.com.br\/es\/nosotros\/#breadcrumb","itemListElement":[{"@type":"ListItem","position":1,"name":"In\u00edcio","item":"https:\/\/refriweb.com.br\/"},{"@type":"ListItem","position":2,"name":"Nosotros"}]},{"@type":"WebSite","@id":"https:\/\/refriweb.com.br\/#website","url":"https:\/\/refriweb.com.br\/","name":"Refriweb","description":"M\u00e1quinas para fabricaci\u00f3n de conductos y accesorios","potentialAction":[{"@type":"SearchAction","target":{"@type":"EntryPoint","urlTemplate":"https:\/\/refriweb.com.br\/?s={search_term_string}"},"query-input":"required name=search_term_string"}],"inLanguage":"es-ES"}]}},"_links":{"self":[{"href":"https:\/\/refriweb.com.br\/es\/wp-json\/wp\/v2\/pages\/596"}],"collection":[{"href":"https:\/\/refriweb.com.br\/es\/wp-json\/wp\/v2\/pages"}],"about":[{"href":"https:\/\/refriweb.com.br\/es\/wp-json\/wp\/v2\/types\/page"}],"author":[{"embeddable":true,"href":"https:\/\/refriweb.com.br\/es\/wp-json\/wp\/v2\/users\/1"}],"replies":[{"embeddable":true,"href":"https:\/\/refriweb.com.br\/es\/wp-json\/wp\/v2\/comments?post=596"}],"version-history":[{"count":2,"href":"https:\/\/refriweb.com.br\/es\/wp-json\/wp\/v2\/pages\/596\/revisions"}],"predecessor-version":[{"id":598,"href":"https:\/\/refriweb.com.br\/es\/wp-json\/wp\/v2\/pages\/596\/revisions\/598"}],"wp:attachment":[{"href":"https:\/\/refriweb.com.br\/es\/wp-json\/wp\/v2\/media?parent=596"}],"curies":[{"name":"wp","href":"https:\/\/api.w.org\/{rel}","templated":true}]}}