{"id":391,"date":"2015-03-27T15:29:08","date_gmt":"2015-03-27T15:29:08","guid":{"rendered":"http:\/\/refriweb.com.br\/?page_id=391"},"modified":"2015-04-02T23:52:26","modified_gmt":"2015-04-02T23:52:26","slug":"contact","status":"publish","type":"page","link":"https:\/\/refriweb.com.br\/en\/contact\/","title":{"rendered":"Contact"},"content":{"rendered":"\n<div class=\"wpcf7 no-js\" id=\"wpcf7-f394-o1\" lang=\"en-US\" dir=\"ltr\" data-wpcf7-id=\"394\">\n<div class=\"screen-reader-response\"><p role=\"status\" aria-live=\"polite\" aria-atomic=\"true\"><\/p> <ul><\/ul><\/div>\n<form action=\"\/en\/wp-json\/wp\/v2\/pages\/391#wpcf7-f394-o1\" method=\"post\" class=\"wpcf7-form init\" aria-label=\"Contact form\" novalidate=\"novalidate\" data-status=\"init\">\n<fieldset class=\"hidden-fields-container\"><input type=\"hidden\" name=\"_wpcf7\" value=\"394\" \/><input type=\"hidden\" name=\"_wpcf7_version\" value=\"6.1.5\" \/><input type=\"hidden\" name=\"_wpcf7_locale\" value=\"en_US\" \/><input type=\"hidden\" name=\"_wpcf7_unit_tag\" value=\"wpcf7-f394-o1\" \/><input type=\"hidden\" name=\"_wpcf7_container_post\" value=\"0\" \/><input type=\"hidden\" name=\"_wpcf7_posted_data_hash\" value=\"\" \/>\n<\/fieldset>\n<div class=\"col-md-6 col-sm-6\">\n\t<div class=\"form-group\">\n\t\t<p><span class=\"wpcf7-form-control-wrap\" data-name=\"nome\"><input size=\"40\" maxlength=\"400\" class=\"wpcf7-form-control wpcf7-text wpcf7-validates-as-required form-control\" aria-required=\"true\" aria-invalid=\"false\" placeholder=\"* Full name\" value=\"\" type=\"text\" name=\"nome\" \/><\/span>\n\t\t<\/p>\n\t<\/div>\n\t<div class=\"form-group\">\n\t\t<p><span class=\"wpcf7-form-control-wrap\" data-name=\"telefone\"><input size=\"40\" maxlength=\"400\" class=\"wpcf7-form-control wpcf7-tel wpcf7-validates-as-required wpcf7-text wpcf7-validates-as-tel form-control\" aria-required=\"true\" aria-invalid=\"false\" placeholder=\"* Telephone\" value=\"\" type=\"tel\" name=\"telefone\" \/><\/span>\n\t\t<\/p>\n\t<\/div>\n\t<div class=\"row\">\n\t\t<div class=\"col-md-6 col-sm-6\">\n\t\t\t<h5>How would you like to be contacted?\n\t\t\t<\/h5>\n\t\t<\/div>\n\t\t<div class=\"col-md-6 col-sm-6\">\n\t\t\t<div class=\"checks form-group\">\n\t\t\t\t<p><span class=\"wpcf7-form-control-wrap\" data-name=\"contato\"><span class=\"wpcf7-form-control wpcf7-radio\"><span class=\"wpcf7-list-item first\"><label><input type=\"radio\" name=\"contato\" value=\"E-mail\" \/><span class=\"wpcf7-list-item-label\">E-mail<\/span><\/label><\/span><span class=\"wpcf7-list-item last\"><label><input type=\"radio\" name=\"contato\" value=\"Telephone\" \/><span class=\"wpcf7-list-item-label\">Telephone<\/span><\/label><\/span><\/span><\/span>\n\t\t\t\t<\/p>\n\t\t\t<\/div>\n\t\t<\/div>\n\t<\/div>\n\t<div class=\"row\">\n\t\t<div class=\"col-md-6 col-sm-6\">\n\t\t\t<h5>How do you know about us?\n\t\t\t<\/h5>\n\t\t<\/div>\n\t\t<div class=\"col-md-6 col-sm-6\">\n\t\t\t<div class=\"checks form-group\">\n\t\t\t\t<p><span class=\"wpcf7-form-control-wrap\" data-name=\"conheceu\"><span class=\"wpcf7-form-control wpcf7-checkbox\"><span class=\"wpcf7-list-item first\"><label><input type=\"checkbox\" name=\"conheceu[]\" value=\"Indication\" \/><span class=\"wpcf7-list-item-label\">Indication<\/span><\/label><\/span><span class=\"wpcf7-list-item\"><label><input type=\"checkbox\" name=\"conheceu[]\" value=\"Social media\" \/><span class=\"wpcf7-list-item-label\">Social media<\/span><\/label><\/span><span class=\"wpcf7-list-item\"><label><input type=\"checkbox\" name=\"conheceu[]\" value=\"Magazine\" \/><span class=\"wpcf7-list-item-label\">Magazine<\/span><\/label><\/span><span class=\"wpcf7-list-item\"><label><input type=\"checkbox\" name=\"conheceu[]\" value=\"Google\" \/><span class=\"wpcf7-list-item-label\">Google<\/span><\/label><\/span><span class=\"wpcf7-list-item last\"><label><input type=\"checkbox\" name=\"conheceu[]\" value=\"Other\" \/><span class=\"wpcf7-list-item-label\">Other<\/span><\/label><\/span><\/span><\/span>\n\t\t\t\t<\/p>\n\t\t\t<\/div>\n\t\t<\/div>\n\t<\/div>\n<\/div>\n<div class=\"col-md-6 col-sm-6\">\n\t<div class=\"form-group\">\n\t\t<p><span class=\"wpcf7-form-control-wrap\" data-name=\"empresa\"><input size=\"40\" maxlength=\"400\" class=\"wpcf7-form-control wpcf7-text wpcf7-validates-as-required form-control\" aria-required=\"true\" aria-invalid=\"false\" placeholder=\"* Company\" value=\"\" type=\"text\" name=\"empresa\" \/><\/span>\n\t\t<\/p>\n\t<\/div>\n\t<div class=\"form-group\">\n\t\t<p><span class=\"wpcf7-form-control-wrap\" data-name=\"email\"><input size=\"40\" maxlength=\"400\" class=\"wpcf7-form-control wpcf7-email wpcf7-validates-as-required wpcf7-text wpcf7-validates-as-email form-control\" aria-required=\"true\" aria-invalid=\"false\" placeholder=\"* E-mail\" value=\"\" type=\"email\" name=\"email\" \/><\/span>\n\t\t<\/p>\n\t<\/div>\n\t<div class=\"form-group\">\n\t\t<p><span class=\"wpcf7-form-control-wrap\" data-name=\"mensagem\"><textarea cols=\"30\" rows=\"10\" maxlength=\"2000\" class=\"wpcf7-form-control wpcf7-textarea wpcf7-validates-as-required form-control\" aria-required=\"true\" aria-invalid=\"false\" placeholder=\"* Message\" name=\"mensagem\"><\/textarea><\/span>\n\t\t<\/p>\n\t<\/div>\n\t<p><input class=\"wpcf7-form-control wpcf7-submit has-spinner btn btn_enviar\" type=\"submit\" value=\"Send Comments\" \/>\n\t<\/p>\n<\/div>\n<div style=\"clear:both; width:100%; height:1px;\">\n<\/div><div class=\"wpcf7-response-output\" aria-hidden=\"true\"><\/div>\n<\/form>\n<\/div>\n\n","protected":false},"excerpt":{"rendered":"","protected":false},"author":1,"featured_media":0,"parent":0,"menu_order":0,"comment_status":"open","ping_status":"open","template":"contato.php","meta":{"_acf_changed":false,"footnotes":""},"class_list":["post-391","page","type-page","status-publish","hentry"],"acf":[],"yoast_head":"<!-- This site is optimized with the Yoast SEO plugin v27.4 - https:\/\/yoast.com\/product\/yoast-seo-wordpress\/ -->\n<title>Contact - Refriweb<\/title>\n<meta name=\"robots\" content=\"index, follow, max-snippet:-1, max-image-preview:large, max-video-preview:-1\" \/>\n<link rel=\"canonical\" href=\"https:\/\/refriweb.com.br\/en\/contact\/\" \/>\n<meta property=\"og:locale\" content=\"en_US\" \/>\n<meta property=\"og:type\" content=\"article\" \/>\n<meta property=\"og:title\" content=\"Contact - Refriweb\" \/>\n<meta property=\"og:url\" content=\"https:\/\/refriweb.com.br\/en\/contact\/\" \/>\n<meta property=\"og:site_name\" content=\"Refriweb\" \/>\n<meta property=\"article:publisher\" content=\"https:\/\/www.facebook.com\/profile.php?id=61563600351641&amp;locale=pt_BR\" \/>\n<meta property=\"article:modified_time\" content=\"2015-04-02T23:52:26+00:00\" \/>\n<script type=\"application\/ld+json\" class=\"yoast-schema-graph\">{\"@context\":\"https:\\\/\\\/schema.org\",\"@graph\":[{\"@type\":\"WebPage\",\"@id\":\"https:\\\/\\\/refriweb.com.br\\\/en\\\/contact\\\/\",\"url\":\"https:\\\/\\\/refriweb.com.br\\\/en\\\/contact\\\/\",\"name\":\"Contact - Refriweb\",\"isPartOf\":{\"@id\":\"https:\\\/\\\/refriweb.com.br\\\/#website\"},\"datePublished\":\"2015-03-27T15:29:08+00:00\",\"dateModified\":\"2015-04-02T23:52:26+00:00\",\"breadcrumb\":{\"@id\":\"https:\\\/\\\/refriweb.com.br\\\/en\\\/contact\\\/#breadcrumb\"},\"inLanguage\":\"en-US\",\"potentialAction\":[{\"@type\":\"ReadAction\",\"target\":[\"https:\\\/\\\/refriweb.com.br\\\/en\\\/contact\\\/\"]}]},{\"@type\":\"BreadcrumbList\",\"@id\":\"https:\\\/\\\/refriweb.com.br\\\/en\\\/contact\\\/#breadcrumb\",\"itemListElement\":[{\"@type\":\"ListItem\",\"position\":1,\"name\":\"In\u00edcio\",\"item\":\"https:\\\/\\\/refriweb.com.br\\\/\"},{\"@type\":\"ListItem\",\"position\":2,\"name\":\"Contact\"}]},{\"@type\":\"WebSite\",\"@id\":\"https:\\\/\\\/refriweb.com.br\\\/#website\",\"url\":\"https:\\\/\\\/refriweb.com.br\\\/\",\"name\":\"Refriweb\",\"description\":\"M\u00e1quinas para fabrica\u00e7\u00e3o de dutos e acess\u00f3rios\",\"publisher\":{\"@id\":\"https:\\\/\\\/refriweb.com.br\\\/#organization\"},\"potentialAction\":[{\"@type\":\"SearchAction\",\"target\":{\"@type\":\"EntryPoint\",\"urlTemplate\":\"https:\\\/\\\/refriweb.com.br\\\/?s={search_term_string}\"},\"query-input\":{\"@type\":\"PropertyValueSpecification\",\"valueRequired\":true,\"valueName\":\"search_term_string\"}}],\"inLanguage\":\"en-US\"},{\"@type\":\"Organization\",\"@id\":\"https:\\\/\\\/refriweb.com.br\\\/#organization\",\"name\":\"Refriweb\",\"url\":\"https:\\\/\\\/refriweb.com.br\\\/\",\"logo\":{\"@type\":\"ImageObject\",\"inLanguage\":\"en-US\",\"@id\":\"https:\\\/\\\/refriweb.com.br\\\/#\\\/schema\\\/logo\\\/image\\\/\",\"url\":\"https:\\\/\\\/refriweb.com.br\\\/wp-content\\\/uploads\\\/2026\\\/04\\\/LOGO.bmp\",\"contentUrl\":\"https:\\\/\\\/refriweb.com.br\\\/wp-content\\\/uploads\\\/2026\\\/04\\\/LOGO.bmp\",\"width\":603,\"height\":181,\"caption\":\"Refriweb\"},\"image\":{\"@id\":\"https:\\\/\\\/refriweb.com.br\\\/#\\\/schema\\\/logo\\\/image\\\/\"},\"sameAs\":[\"https:\\\/\\\/www.facebook.com\\\/profile.php?id=61563600351641&locale=pt_BR\",\"https:\\\/\\\/instagram.com\\\/rfwmaquinas\\\/\"]}]}<\/script>\n<!-- \/ Yoast SEO plugin. -->","yoast_head_json":{"title":"Contact - Refriweb","robots":{"index":"index","follow":"follow","max-snippet":"max-snippet:-1","max-image-preview":"max-image-preview:large","max-video-preview":"max-video-preview:-1"},"canonical":"https:\/\/refriweb.com.br\/en\/contact\/","og_locale":"en_US","og_type":"article","og_title":"Contact - Refriweb","og_url":"https:\/\/refriweb.com.br\/en\/contact\/","og_site_name":"Refriweb","article_publisher":"https:\/\/www.facebook.com\/profile.php?id=61563600351641&locale=pt_BR","article_modified_time":"2015-04-02T23:52:26+00:00","schema":{"@context":"https:\/\/schema.org","@graph":[{"@type":"WebPage","@id":"https:\/\/refriweb.com.br\/en\/contact\/","url":"https:\/\/refriweb.com.br\/en\/contact\/","name":"Contact - Refriweb","isPartOf":{"@id":"https:\/\/refriweb.com.br\/#website"},"datePublished":"2015-03-27T15:29:08+00:00","dateModified":"2015-04-02T23:52:26+00:00","breadcrumb":{"@id":"https:\/\/refriweb.com.br\/en\/contact\/#breadcrumb"},"inLanguage":"en-US","potentialAction":[{"@type":"ReadAction","target":["https:\/\/refriweb.com.br\/en\/contact\/"]}]},{"@type":"BreadcrumbList","@id":"https:\/\/refriweb.com.br\/en\/contact\/#breadcrumb","itemListElement":[{"@type":"ListItem","position":1,"name":"In\u00edcio","item":"https:\/\/refriweb.com.br\/"},{"@type":"ListItem","position":2,"name":"Contact"}]},{"@type":"WebSite","@id":"https:\/\/refriweb.com.br\/#website","url":"https:\/\/refriweb.com.br\/","name":"Refriweb","description":"M\u00e1quinas para fabrica\u00e7\u00e3o de dutos e acess\u00f3rios","publisher":{"@id":"https:\/\/refriweb.com.br\/#organization"},"potentialAction":[{"@type":"SearchAction","target":{"@type":"EntryPoint","urlTemplate":"https:\/\/refriweb.com.br\/?s={search_term_string}"},"query-input":{"@type":"PropertyValueSpecification","valueRequired":true,"valueName":"search_term_string"}}],"inLanguage":"en-US"},{"@type":"Organization","@id":"https:\/\/refriweb.com.br\/#organization","name":"Refriweb","url":"https:\/\/refriweb.com.br\/","logo":{"@type":"ImageObject","inLanguage":"en-US","@id":"https:\/\/refriweb.com.br\/#\/schema\/logo\/image\/","url":"https:\/\/refriweb.com.br\/wp-content\/uploads\/2026\/04\/LOGO.bmp","contentUrl":"https:\/\/refriweb.com.br\/wp-content\/uploads\/2026\/04\/LOGO.bmp","width":603,"height":181,"caption":"Refriweb"},"image":{"@id":"https:\/\/refriweb.com.br\/#\/schema\/logo\/image\/"},"sameAs":["https:\/\/www.facebook.com\/profile.php?id=61563600351641&locale=pt_BR","https:\/\/instagram.com\/rfwmaquinas\/"]}]}},"_links":{"self":[{"href":"https:\/\/refriweb.com.br\/en\/wp-json\/wp\/v2\/pages\/391","targetHints":{"allow":["GET"]}}],"collection":[{"href":"https:\/\/refriweb.com.br\/en\/wp-json\/wp\/v2\/pages"}],"about":[{"href":"https:\/\/refriweb.com.br\/en\/wp-json\/wp\/v2\/types\/page"}],"author":[{"embeddable":true,"href":"https:\/\/refriweb.com.br\/en\/wp-json\/wp\/v2\/users\/1"}],"replies":[{"embeddable":true,"href":"https:\/\/refriweb.com.br\/en\/wp-json\/wp\/v2\/comments?post=391"}],"version-history":[{"count":2,"href":"https:\/\/refriweb.com.br\/en\/wp-json\/wp\/v2\/pages\/391\/revisions"}],"predecessor-version":[{"id":395,"href":"https:\/\/refriweb.com.br\/en\/wp-json\/wp\/v2\/pages\/391\/revisions\/395"}],"wp:attachment":[{"href":"https:\/\/refriweb.com.br\/en\/wp-json\/wp\/v2\/media?parent=391"}],"curies":[{"name":"wp","href":"https:\/\/api.w.org\/{rel}","templated":true}]}}